{"id":118,"date":"2026-02-20T15:44:09","date_gmt":"2026-02-20T18:44:09","guid":{"rendered":"https:\/\/herbanutricion.com\/cl\/?page_id=118"},"modified":"2026-02-20T15:44:14","modified_gmt":"2026-02-20T18:44:14","slug":"cuidado-piel-herbalife","status":"publish","type":"page","link":"https:\/\/herbanutricion.com\/cl\/productos-herbalife\/cuidado-piel-herbalife\/","title":{"rendered":"\u2605 Cuidado de la Piel Herbalife en Chile: Piel Radiante 2026"},"content":{"rendered":"\n<h1 class=\"wp-block-heading\">L\u00ednea Skin de Herbalife: Cuidado Especializado para tu Piel<\/h1>\n\n\n\n<div class=\"wp-block-columns are-vertically-aligned-center is-layout-flex wp-container-core-columns-is-layout-9d6595d7 wp-block-columns-is-layout-flex\">\n<div class=\"wp-block-column is-vertically-aligned-center is-layout-flow wp-block-column-is-layout-flow\" style=\"flex-basis:66.66%\">\n<p>La l\u00ednea Skin de Herbalife est\u00e1 dise\u00f1ada para proporcionar un cuidado especializado para la piel, abordando diferentes necesidades como limpieza, hidrataci\u00f3n y reducci\u00f3n de signos de envejecimiento. Este art\u00edculo detalla los beneficios de la l\u00ednea Skin y c\u00f3mo puede mejorar tu rutina diaria de <a href=\"https:\/\/herbanutricion.com\/cl\/productos-herbalife\/cuidado-personal-2\/\" data-type=\"page\" data-id=\"1754\">cuidado personal.<\/a><\/p>\n<\/div>\n\n\n\n<div class=\"wp-block-column is-vertically-aligned-center is-layout-flow wp-block-column-is-layout-flow\" style=\"flex-basis:33.33%\"><div class=\"wp-block-image\">\n<figure class=\"aligncenter size-full\"><img loading=\"lazy\" decoding=\"async\" width=\"390\" height=\"200\" src=\"https:\/\/herbanutricion.com\/cl\/wp-content\/uploads\/sites\/31\/2024\/06\/cuidado-piel-herbalife.png\" alt=\"Productos Herbalife para el Cuidado de la Piel\" class=\"wp-image-4686\" title=\"\" srcset=\"https:\/\/herbanutricion.com\/cl\/wp-content\/uploads\/sites\/31\/2024\/06\/cuidado-piel-herbalife.png 390w, https:\/\/herbanutricion.com\/cl\/wp-content\/uploads\/sites\/31\/2024\/06\/cuidado-piel-herbalife-293x150.png 293w\" sizes=\"auto, (max-width: 390px) 100vw, 390px\" \/><\/figure>\n<\/div><\/div>\n<\/div>\n\n\n\n<p><\/p>\n\n\n\n<div class=\"wp-block-buttons is-content-justification-center is-layout-flex wp-container-core-buttons-is-layout-16018d1d wp-block-buttons-is-layout-flex\">\n<div class=\"wp-block-button is-style-fill\" id=\"COMPRA-F\u00c1CIL-POR-WHATSAPP\"><a class=\"wp-block-button__link has-background wp-element-button\" href=\"https:\/\/api.whatsapp.com\/send\/?phone=56958680897&amp;text=Hola%2C+me+interesa+adquirir+productos+Herbalife+con+descuentos+como+cliente+preferente.+%C2%BFPodr%C3%ADas+darme+m%C3%A1s+informaci%C3%B3n+al+respecto%3F&amp;type=phone_number&amp;app_absent=0\" style=\"border-radius:10px;background:linear-gradient(90deg,rgb(66,160,70) 0%,rgb(59,145,135) 100%)\" rel=\"https:\/\/wa.me\/56958680897?text=Hola,%20me%20interesan%20los%20productos%20Herbalife%20y%20me%20gustar%C3%ADa%20recibir%20asesor%C3%ADa%20personalizada%20para%20hacer%20mi%20compra.%20%C2%BFPodr%C3%ADan%20ayudarme? nofollow noopener\" target=\"_blank\"><strong>COMPRA F\u00c1CIL POR WHATSAPP<\/strong><\/a><\/div>\n<\/div>\n\n\n\n<p><\/p>\n\n\n\n<h2 class=\"wp-block-heading\" style=\"font-size:25px\">\u00bfQu\u00e9 Hace \u00danica a la L\u00ednea Skin de Herbalife?<\/h2>\n\n\n\n<h3 class=\"wp-block-heading has-medium-font-size\">Ingredientes Naturales y Eficaces<\/h3>\n\n\n\n<p>Los productos de la l\u00ednea Skin de Herbalife est\u00e1n formulados con ingredientes naturales de alta calidad. El aloe vera, las vitaminas C y E, y los extractos bot\u00e1nicos son componentes esenciales que trabajan juntos para nutrir y revitalizar la piel. Estos ingredientes no solo son efectivos, sino que tambi\u00e9n son suaves y seguros para todo tipo de piel, incluyendo las pieles m\u00e1s sensibles.<\/p>\n\n\n\n<h3 class=\"wp-block-heading has-medium-font-size\">Respeto por el Medio Ambiente y \u00c9tica<\/h3>\n\n\n\n<p>Herbalife se compromete a no realizar pruebas en animales y a utilizar pr\u00e1cticas sostenibles en la producci\u00f3n de sus productos. Esto significa que cuando eliges la l\u00ednea Skin de Herbalife, est\u00e1s eligiendo productos que respetan tanto tu piel como el medio ambiente.<\/p>\n\n\n\n<h3 class=\"wp-block-heading has-medium-font-size\">Tecnolog\u00eda Avanzada y Resultados Comprobados<\/h3>\n\n\n\n<p>La l\u00ednea Skin de Herbalife utiliza tecnolog\u00eda avanzada para garantizar que los ingredientes activos penetren en las capas m\u00e1s profundas de la piel, proporcionando beneficios duraderos. Los productos est\u00e1n respaldados por investigaciones cient\u00edficas que demuestran su efectividad en la mejora de la salud y apariencia de la piel.<\/p>\n\n\n\n<h3 class=\"wp-block-heading has-medium-font-size\">Enriquecimiento con Vitaminas y Minerales<\/h3>\n\n\n\n<p>Cada producto de la l\u00ednea Skin est\u00e1 enriquecido con vitaminas y minerales esenciales que proporcionan nutrici\u00f3n externa. Estos nutrientes ayudan a mantener la piel saludable, promoviendo una apariencia joven y radiante.<\/p>\n\n\n\n<p><\/p>\n\n\n\n<h2 class=\"wp-block-heading\" style=\"font-size:25px\">Productos Principales<\/h2>\n\n\n\n<div class=\"wp-block-columns is-layout-flex wp-container-core-columns-is-layout-9d6595d7 wp-block-columns-is-layout-flex\">\n<div class=\"wp-block-column is-vertically-aligned-center is-layout-flow wp-block-column-is-layout-flow\" style=\"flex-basis:66.66%\">\n<h3 class=\"wp-block-heading has-medium-font-size\">M\u00e1scara de Arcilla Purificante<\/h3>\n\n\n\n<p>La <strong><a href=\"https:\/\/herbanutricion.com\/cl\/producto\/mascarilla-arcilla-herbalife-skin\/\" data-type=\"product\" data-id=\"268\">M\u00e1scara de Arcilla Purificante<\/a><\/strong> de Herbalife proporciona una limpieza profunda de los poros. Est\u00e1 formulada con ingredientes que penetran en la piel para eliminar impurezas y exceso de grasa, dejando la piel limpia y renovada.<\/p>\n<\/div>\n\n\n\n<div class=\"wp-block-column is-vertically-aligned-center is-layout-flow wp-block-column-is-layout-flow\" style=\"flex-basis:33.33%\"><\/div>\n<\/div>\n\n\n\n<h4 class=\"wp-block-heading\" style=\"font-size:17px\">Beneficios Clave:<\/h4>\n\n\n\n<ul class=\"wp-block-list\">\n<li><strong>Limpieza Profunda:<\/strong> Penetra en los poros para eliminar impurezas y exceso de grasa.<\/li>\n\n\n\n<li><strong>Piel Renovada:<\/strong> Deja la piel con una sensaci\u00f3n de limpieza y frescura.<\/li>\n\n\n\n<li><strong>Nutrici\u00f3n Externa:<\/strong> Enriquecida con minerales esenciales que nutren la piel desde el exterior.<\/li>\n\n\n\n<li><strong>No Probada en Animales:<\/strong> Garant\u00eda de un producto \u00e9tico y responsable.<\/li>\n<\/ul>\n\n\n\n<h4 class=\"wp-block-heading\" style=\"font-size:17px\">C\u00f3mo Usarla:<\/h4>\n\n\n\n<p>Aplica una capa uniforme de la m\u00e1scara sobre la piel limpia y seca, evitando el \u00e1rea de los ojos y labios. Deja actuar durante 10-15 minutos y luego enjuaga con agua tibia. Usa una o dos veces por semana para mejores resultados.<\/p>\n\n\n\n<div class=\"wp-block-columns is-layout-flex wp-container-core-columns-is-layout-9d6595d7 wp-block-columns-is-layout-flex\">\n<div class=\"wp-block-column is-vertically-aligned-center is-layout-flow wp-block-column-is-layout-flow\" style=\"flex-basis:66.66%\">\n<h3 class=\"wp-block-heading has-medium-font-size\">Exfoliante de ar\u00e1ndano<\/h3>\n\n\n\n<p>El <strong><a href=\"https:\/\/herbanutricion.com\/cl\/producto\/exfoliante-facial-de-arandanos-herbalife-skin\/\" data-type=\"product\" data-id=\"269\">Exfoliante de Ar\u00e1ndano<\/a><\/strong> de Herbalife elimina las impurezas y c\u00e9lulas muertas de la piel, promoviendo la regeneraci\u00f3n celular y dejando la piel suave y radiante.<\/p>\n<\/div>\n\n\n\n<div class=\"wp-block-column is-vertically-aligned-center is-layout-flow wp-block-column-is-layout-flow\" style=\"flex-basis:33.33%\"><\/div>\n<\/div>\n\n\n\n<h4 class=\"wp-block-heading\" style=\"font-size:17px\">Beneficios Clave:<\/h4>\n\n\n\n<ul class=\"wp-block-list\">\n<li><strong>Eliminaci\u00f3n de Impurezas:<\/strong> Elimina las c\u00e9lulas muertas y las impurezas de la piel.<\/li>\n\n\n\n<li><strong>Regeneraci\u00f3n Celular:<\/strong> Promueve la regeneraci\u00f3n de nuevas c\u00e9lulas, dejando la piel suave y radiante.<\/li>\n\n\n\n<li><strong>Nutrici\u00f3n Externa:<\/strong> Enriquecido con vitaminas y minerales que nutren la piel desde el exterior.<\/li>\n\n\n\n<li><strong>No Probado en Animales:<\/strong> Garant\u00eda de un producto \u00e9tico y responsable.<\/li>\n<\/ul>\n\n\n\n<h4 class=\"wp-block-heading\" style=\"font-size:17px\">C\u00f3mo Usarlo:<\/h4>\n\n\n\n<p>Aplica el exfoliante sobre la piel h\u00fameda y masajea suavemente con movimientos circulares. Enjuaga con agua tibia y seca la piel con una toalla suave. Usa dos o tres veces por semana para mantener la piel fresca y renovada.<\/p>\n\n\n\n<div class=\"wp-block-columns is-layout-flex wp-container-core-columns-is-layout-9d6595d7 wp-block-columns-is-layout-flex\">\n<div class=\"wp-block-column is-vertically-aligned-center is-layout-flow wp-block-column-is-layout-flow\" style=\"flex-basis:66.66%\">\n<h3 class=\"wp-block-heading has-medium-font-size\">Limpiadoras: <a href=\"https:\/\/herbanutricion.com\/cl\/producto\/limpiador-facial-citrico-herbalife-skin\/\" data-type=\"product\" data-id=\"277\">C\u00edtrica<\/a> <\/h3>\n\n\n\n<p>Las <strong>Limpiadoras<\/strong> de Herbalife est\u00e1n adaptadas para diferentes tipos de piel. La limpiadora c\u00edtrica es ideal para piel normal a grasa.<\/p>\n<\/div>\n\n\n\n<div class=\"wp-block-column is-vertically-aligned-center is-layout-flow wp-block-column-is-layout-flow\" style=\"flex-basis:33.33%\"><\/div>\n<\/div>\n\n\n\n<h4 class=\"wp-block-heading\" style=\"font-size:17px\">Beneficios Clave:<\/h4>\n\n\n\n<ul class=\"wp-block-list\">\n<li><strong>Limpieza Adaptada:<\/strong> Proporciona una limpieza adecuada para diferentes tipos de piel.<\/li>\n\n\n\n<li><strong>Hidrataci\u00f3n y Suavidad:<\/strong> Limpia sin resecar la piel, dej\u00e1ndola suave y fresca.<\/li>\n\n\n\n<li><strong>Nutrici\u00f3n Externa:<\/strong> Enriquecidas con ingredientes naturales que nutren la piel desde el exterior.<\/li>\n\n\n\n<li><strong>No Probadas en Animales:<\/strong> Garant\u00eda de un producto \u00e9tico y responsable.<\/li>\n<\/ul>\n\n\n\n<h4 class=\"wp-block-heading\" style=\"font-size:17px\">C\u00f3mo Usarlas:<\/h4>\n\n\n\n<ul class=\"wp-block-list\">\n<li><strong>Limpiadora C\u00edtrica:<\/strong> Para piel normal a grasa. Aplica sobre el rostro h\u00famedo, masajea suavemente y enjuaga con agua tibia. \u00dasala diariamente por la ma\u00f1ana y por la noche.<\/li>\n<\/ul>\n\n\n\n<div class=\"wp-block-columns is-layout-flex wp-container-core-columns-is-layout-9d6595d7 wp-block-columns-is-layout-flex\">\n<div class=\"wp-block-column is-vertically-aligned-center is-layout-flow wp-block-column-is-layout-flow\" style=\"flex-basis:66.66%\">\n<h3 class=\"wp-block-heading has-medium-font-size\">T\u00f3nico Energizante<\/h3>\n\n\n\n<p>El <strong><a href=\"https:\/\/herbanutricion.com\/cl\/producto\/tonificador-herbalife-skin\/\" data-type=\"product\" data-id=\"276\">T\u00f3nico Energizante<\/a><\/strong> de Herbalife ayuda a cerrar los poros y refrescar la piel, dej\u00e1ndola lista para la hidrataci\u00f3n.<\/p>\n<\/div>\n\n\n\n<div class=\"wp-block-column is-vertically-aligned-center is-layout-flow wp-block-column-is-layout-flow\" style=\"flex-basis:33.33%\"><\/div>\n<\/div>\n\n\n\n<h4 class=\"wp-block-heading\">Beneficios Clave:<\/h4>\n\n\n\n<ul class=\"wp-block-list\">\n<li><strong>Cierre de Poros:<\/strong> Ayuda a cerrar los poros despu\u00e9s de la limpieza.<\/li>\n\n\n\n<li><strong>Refrescante:<\/strong> Refresca y tonifica la piel, dej\u00e1ndola lista para la hidrataci\u00f3n.<\/li>\n\n\n\n<li><strong>Nutrici\u00f3n Externa:<\/strong> Enriquecido con vitaminas y minerales que nutren la piel desde el exterior.<\/li>\n\n\n\n<li><strong>No Probado en Animales:<\/strong> Garant\u00eda de un producto \u00e9tico y responsable.<\/li>\n<\/ul>\n\n\n\n<h4 class=\"wp-block-heading\">C\u00f3mo Usarlo:<\/h4>\n\n\n\n<p>Aplica el t\u00f3nico en un algod\u00f3n y p\u00e1salo suavemente por el rostro y el cuello despu\u00e9s de limpiar la piel. \u00dasalo diariamente por la ma\u00f1ana y por la noche antes de aplicar tu crema hidratante.<\/p>\n\n\n\n<div class=\"wp-block-columns is-layout-flex wp-container-core-columns-is-layout-9d6595d7 wp-block-columns-is-layout-flex\">\n<div class=\"wp-block-column is-vertically-aligned-center is-layout-flow wp-block-column-is-layout-flow\" style=\"flex-basis:66.66%\">\n<h3 class=\"wp-block-heading has-medium-font-size\">Serum Reafirmante<\/h3>\n\n\n\n<p>El<a href=\"https:\/\/herbanutricion.com\/cl\/producto\/serum-herbalife-skin\/\" data-type=\"product\" data-id=\"275\"> <strong>Serum Reafirmante<\/strong><\/a> de Herbalife est\u00e1 formulado para mejorar la elasticidad y firmeza de la piel, proporcionando una apariencia m\u00e1s joven y radiante. Este serum ligero penetra profundamente en la piel para entregar ingredientes activos que ayudan a revitalizar y rejuvenecer.<\/p>\n<\/div>\n\n\n\n<div class=\"wp-block-column is-vertically-aligned-center is-layout-flow wp-block-column-is-layout-flow\" style=\"flex-basis:33.33%\"><\/div>\n<\/div>\n\n\n\n<h4 class=\"wp-block-heading\" style=\"font-size:17px\">Beneficios Clave:<\/h4>\n\n\n\n<ul class=\"wp-block-list\">\n<li><strong>Mejora de Elasticidad:<\/strong> Ayuda a mejorar la elasticidad de la piel, haciendo que luzca m\u00e1s firme y tonificada.<\/li>\n\n\n\n<li><strong>Reafirmante:<\/strong> Proporciona un efecto reafirmante visible, reduciendo la apariencia de l\u00edneas finas y arrugas.<\/li>\n\n\n\n<li><strong>Nutrici\u00f3n Externa:<\/strong> Enriquecido con vitaminas y minerales que nutren la piel desde el exterior.<\/li>\n\n\n\n<li><strong>No Probado en Animales:<\/strong> Garant\u00eda de un producto \u00e9tico y responsable.<\/li>\n<\/ul>\n\n\n\n<h4 class=\"wp-block-heading\" style=\"font-size:17px\">C\u00f3mo Usarlo:<\/h4>\n\n\n\n<p>Aplica el serum reafirmante sobre el rostro y el cuello limpios por la ma\u00f1ana y por la noche antes de tu crema hidratante. Masajea suavemente hasta que se absorba completamente.<\/p>\n\n\n\n<h4 class=\"wp-block-heading\" style=\"font-size:17px\">Beneficios Clave:<\/h4>\n\n\n\n<ul class=\"wp-block-list\">\n<li><strong>Reducci\u00f3n de Hinchaz\u00f3n:<\/strong> Ayuda a reducir la hinchaz\u00f3n y las ojeras.<\/li>\n\n\n\n<li><strong>Apariencia Fresca:<\/strong> Proporciona una apariencia fresca y descansada alrededor de los ojos.<\/li>\n\n\n\n<li><strong>Nutrici\u00f3n Externa:<\/strong> Enriquecido con vitaminas y minerales que nutren la piel desde el exterior.<\/li>\n\n\n\n<li><strong>No Probado en Animales:<\/strong> Garant\u00eda de un producto \u00e9tico y responsable.<\/li>\n<\/ul>\n\n\n\n<h4 class=\"wp-block-heading\" style=\"font-size:17px\">C\u00f3mo Usarlo:<\/h4>\n\n\n\n<p>Aplica una peque\u00f1a cantidad del gel de contorno de ojos alrededor de los ojos por la ma\u00f1ana y por la noche. Masajea suavemente hasta que se absorba completamente.<\/p>\n\n\n\n<div class=\"wp-block-columns is-layout-flex wp-container-core-columns-is-layout-9d6595d7 wp-block-columns-is-layout-flex\">\n<div class=\"wp-block-column is-vertically-aligned-center is-layout-flow wp-block-column-is-layout-flow\" style=\"flex-basis:66.66%\">\n<h3 class=\"wp-block-heading has-medium-font-size\">Crema Humectante de D\u00eda con SPF 30<\/h3>\n\n\n\n<p>La <strong><a href=\"https:\/\/herbanutricion.com\/cl\/producto\/crema-humectante-herbalife-skin\/\" data-type=\"product\" data-id=\"280\">Crema Humectante de D\u00eda con SPF 30<\/a><\/strong> de Herbalife protege la piel de los da\u00f1os del sol mientras la hidrata y nutre. Es ideal para el uso diario.<\/p>\n<\/div>\n\n\n\n<div class=\"wp-block-column is-vertically-aligned-center is-layout-flow wp-block-column-is-layout-flow\" style=\"flex-basis:33.33%\"><\/div>\n<\/div>\n\n\n\n<h4 class=\"wp-block-heading\" style=\"font-size:17px\">Beneficios Clave:<\/h4>\n\n\n\n<ul class=\"wp-block-list\">\n<li><strong>Protecci\u00f3n Solar:<\/strong> Protege la piel de los da\u00f1os del sol con SPF 30.<\/li>\n\n\n\n<li><strong>Hidrataci\u00f3n y Nutrici\u00f3n:<\/strong> Hidrata y nutre la piel durante el d\u00eda.<\/li>\n\n\n\n<li><strong>Nutrici\u00f3n Externa:<\/strong> Enriquecida con vitaminas y minerales que nutren la piel desde el exterior.<\/li>\n\n\n\n<li><strong>No Probada en Animales:<\/strong> Garant\u00eda de un producto \u00e9tico y responsable.<\/li>\n<\/ul>\n\n\n\n<h4 class=\"wp-block-heading\" style=\"font-size:17px\">C\u00f3mo Usarla:<\/h4>\n\n\n\n<p>Aplica la crema humectante uniformemente sobre el rostro y el cuello por la ma\u00f1ana, despu\u00e9s de limpiar y tonificar la piel. Aseg\u00farate de aplicarla al menos 15 minutos antes de la exposici\u00f3n al sol.<\/p>\n\n\n\n<h4 class=\"wp-block-heading\">Beneficios Clave:<\/h4>\n\n\n\n<ul class=\"wp-block-list\">\n<li><strong>Nutrici\u00f3n Nocturna:<\/strong> Nutre profundamente la piel mientras duermes.<\/li>\n\n\n\n<li><strong>Reducci\u00f3n de L\u00edneas de Expresi\u00f3n:<\/strong> Ayuda a reducir las l\u00edneas de expresi\u00f3n y mantener la piel joven.<\/li>\n\n\n\n<li><strong>Nutrici\u00f3n Externa:<\/strong> Enriquecida con vitaminas y minerales que nutren la piel desde el exterior.<\/li>\n\n\n\n<li><strong>No Probada en Animales:<\/strong> Garant\u00eda de un producto \u00e9tico y responsable.<\/li>\n<\/ul>\n\n\n\n<h4 class=\"wp-block-heading\">C\u00f3mo Usarla:<\/h4>\n\n\n\n<p>Aplica la crema renovadora en el rostro y el cuello por la noche, despu\u00e9s de limpiar y tonificar la piel. Masajea suavemente hasta que se absorba completamente.<\/p>\n\n\n\n<h2 class=\"wp-block-heading\" style=\"font-size:25px\">C\u00f3mo Usar los Productos de la L\u00ednea Skin<\/h2>\n\n\n\n<h3 class=\"wp-block-heading has-medium-font-size\">Pasos para una Rutina de Cuidado de la Piel Completa<\/h3>\n\n\n\n<ol class=\"wp-block-list\">\n<li><strong>Limpieza:<\/strong> Utiliza la limpiadora adecuada para tu tipo de piel para eliminar impurezas y preparar la piel para los siguientes pasos. Para piel normal a grasa.<\/li>\n\n\n\n<li><strong>Exfoliaci\u00f3n:<\/strong> Aplica el exfoliante de ar\u00e1ndano dos o tres veces por semana para eliminar las c\u00e9lulas muertas y promover la regeneraci\u00f3n celular.<\/li>\n\n\n\n<li><strong>M\u00e1scara:<\/strong> Usa la m\u00e1scara de arcilla una o dos veces por semana para una limpieza profunda de los poros.<\/li>\n\n\n\n<li><strong>T\u00f3nico:<\/strong> Aplica el t\u00f3nico energizante para cerrar los poros y refrescar la piel.<\/li>\n\n\n\n<li><strong>Serum:<\/strong> Aplica el serum reafirmante para mejorar la elasticidad y firmeza de la piel.<\/li>\n\n\n\n<li><strong>Hidrataci\u00f3n de D\u00eda:<\/strong> Usa la crema humectante de d\u00eda con SPF 30 para proteger e hidratar tu piel durante el d\u00eda.<\/li>\n<\/ol>\n\n\n\n<h2 class=\"wp-block-heading\" style=\"font-size:25px\">Mi Experiencia Personal<\/h2>\n\n\n\n<p>La l\u00ednea Skin de Herbalife ha transformado mi rutina de cuidado de la piel. La m\u00e1scara de arcilla y el exfoliante de ar\u00e1ndano son mis favoritos para mantener mi piel limpia y suave. <\/p>\n\n\n\n<p>El serum reafirmante ha mejorado notablemente la firmeza y elasticidad de mi piel. La crema humectante de d\u00eda con SPF 30 me proporciona la protecci\u00f3n solar que necesito, mientras que la crema renovadora de noche mantiene mi piel nutrida mientras duermo. <\/p>\n\n\n\n<p>Estos productos no solo son efectivos, sino que tambi\u00e9n est\u00e1n formulados con ingredientes naturales y no son probados en animales, lo que me hace sentir bien al usarlos.<\/p>\n\n\n\n<h2 class=\"wp-block-heading\" style=\"font-size:25px\">Conclusi\u00f3n y Recomendaciones Finales<\/h2>\n\n\n\n<p>La l\u00ednea Skin de Herbalife es una soluci\u00f3n completa para quienes buscan un cuidado especializado y efectivo para la piel. Con productos dise\u00f1ados para limpiar, hidratar y rejuvenecer la piel, Herbalife ofrece una gama de soluciones adaptadas a tus necesidades espec\u00edficas.<\/p>\n\n\n\n<p><\/p>\n\n\n\n<div class=\"wp-block-buttons alignwide is-horizontal is-content-justification-center is-layout-flex wp-container-core-buttons-is-layout-499968f5 wp-block-buttons-is-layout-flex\">\n<div class=\"wp-block-button has-custom-font-size .botoncompra\" style=\"font-size:16px\"><a class=\"wp-block-button__link has-background wp-element-button\" href=\"https:\/\/wa.me\/56958680897?text=Hola,%20me%20interesa%20adquirir%20productos%20Herbalife%20y%20conocer%20los%20beneficios%20de%20ser%20Cliente%20Preferente.%20\u00bfPodr\u00edas%20darme%20m\u00e1s%20informaci\u00f3n?\" style=\"border-radius:10px;background:linear-gradient(135deg,rgb(66,160,70) 0%,rgb(59,145,135) 100%)\" rel=\"nofollow noopener\" target=\"_blank\">\u00a1<strong>COMPRA HOY Y OBT\u00c9N BENEFICIOS EXCLUSIVOS<\/strong>!<\/a><\/div>\n<\/div>\n\n\n\n<p><\/p>\n\n\n\n<p><a href=\"https:\/\/herbanutricion.com\/cl\/productos-herbalife\/\">Conoce aqu\u00ed m\u00e1s productos Herbalife<\/a><\/p>\n\n\n\n<p><\/p>\n","protected":false},"excerpt":{"rendered":"<p>L\u00ednea Skin de Herbalife: Cuidado Especializado para tu Piel La l\u00ednea Skin de Herbalife est\u00e1 dise\u00f1ada para proporcionar un cuidado especializado para la piel, abordando diferentes necesidades como limpieza, hidrataci\u00f3n y reducci\u00f3n de signos de envejecimiento. Este art\u00edculo detalla los beneficios de la l\u00ednea Skin y c\u00f3mo puede mejorar tu rutina diaria de cuidado personal&#8230;.<\/p>\n","protected":false},"author":1,"featured_media":4686,"parent":24,"menu_order":0,"comment_status":"closed","ping_status":"closed","template":"","meta":{"_kad_post_transparent":"","_kad_post_title":"","_kad_post_layout":"","_kad_post_sidebar_id":"","_kad_post_content_style":"","_kad_post_vertical_padding":"","_kad_post_feature":"","_kad_post_feature_position":"","_kad_post_header":false,"_kad_post_footer":false,"_kad_post_classname":"","yasr_overall_rating":0,"yasr_post_is_review":"","yasr_auto_insert_disabled":"","yasr_review_type":"","_joinchat":[],"footnotes":""},"class_list":["post-118","page","type-page","status-publish","has-post-thumbnail","hentry"],"yasr_visitor_votes":{"stars_attributes":{"read_only":false,"span_bottom":false},"number_of_votes":2,"sum_votes":10},"_links":{"self":[{"href":"https:\/\/herbanutricion.com\/cl\/wp-json\/wp\/v2\/pages\/118","targetHints":{"allow":["GET"]}}],"collection":[{"href":"https:\/\/herbanutricion.com\/cl\/wp-json\/wp\/v2\/pages"}],"about":[{"href":"https:\/\/herbanutricion.com\/cl\/wp-json\/wp\/v2\/types\/page"}],"author":[{"embeddable":true,"href":"https:\/\/herbanutricion.com\/cl\/wp-json\/wp\/v2\/users\/1"}],"replies":[{"embeddable":true,"href":"https:\/\/herbanutricion.com\/cl\/wp-json\/wp\/v2\/comments?post=118"}],"version-history":[{"count":2,"href":"https:\/\/herbanutricion.com\/cl\/wp-json\/wp\/v2\/pages\/118\/revisions"}],"predecessor-version":[{"id":6043,"href":"https:\/\/herbanutricion.com\/cl\/wp-json\/wp\/v2\/pages\/118\/revisions\/6043"}],"up":[{"embeddable":true,"href":"https:\/\/herbanutricion.com\/cl\/wp-json\/wp\/v2\/pages\/24"}],"wp:featuredmedia":[{"embeddable":true,"href":"https:\/\/herbanutricion.com\/cl\/wp-json\/wp\/v2\/media\/4686"}],"wp:attachment":[{"href":"https:\/\/herbanutricion.com\/cl\/wp-json\/wp\/v2\/media?parent=118"}],"curies":[{"name":"wp","href":"https:\/\/api.w.org\/{rel}","templated":true}]}}