{"id":1798,"date":"2026-02-20T15:40:38","date_gmt":"2026-02-20T18:40:38","guid":{"rendered":"https:\/\/herbanutricion.com\/cl\/?page_id=1798"},"modified":"2026-02-20T15:40:43","modified_gmt":"2026-02-20T18:40:43","slug":"resultados-con-herbalife","status":"publish","type":"page","link":"https:\/\/herbanutricion.com\/cl\/cliente-preferente\/resultados-con-herbalife\/","title":{"rendered":"\u2605 Resultados Productos Herbalife Chile: Testimonios 2026"},"content":{"rendered":"\n<h1 class=\"wp-block-heading has-medium-font-size\">Descubre Incre\u00edbles Resultados con Herbalife: Salud Garantizada<\/h1>\n\n\n\n<p>Conoce historias reales de personas que han logrado cambios sorprendentes con Herbalife. Descubre c\u00f3mo nuestros productos han transformado su salud y bienestar.<\/p>\n\n\n\n<p><\/p>\n\n\n\n<h2 class=\"wp-block-heading has-text-align-left has-medium-font-size\">Historias de Resultados con el <a href=\"https:\/\/herbanutricion.com\/cl\/reto-21-dias\/\" data-type=\"page\" data-id=\"22\">Reto de 21 D\u00edas<\/a><\/h2>\n\n\n\n<p><strong>\u00bfListo para ver c\u00f3mo el reto de 21 d\u00edas puede cambiar tu vida?<\/strong> Aqu\u00ed encontrar\u00e1s experiencias diarias y resultados finales de personas que han tomado el desaf\u00edo. Insp\u00edrate y mot\u00edvate a unirte a esta transformaci\u00f3n hacia una vida m\u00e1s saludable y feliz.<\/p>\n\n\n\n<h3 class=\"wp-block-heading has-text-align-center\">Ganadores del Reto<\/h3>\n\n\n\n<figure class=\"wp-block-embed aligncenter is-type-video is-provider-youtube wp-block-embed-youtube wp-embed-aspect-16-9 wp-has-aspect-ratio\"><div class=\"wp-block-embed__wrapper\">\n<iframe loading=\"lazy\" title=\"De sin energ\u00eda a bajar 3 kg y ganar vitalidad | Testimonio con Herbalife \ud83d\udcaa #Reto21D\u00edas #Herbalife\" width=\"720\" height=\"405\" src=\"https:\/\/www.youtube.com\/embed\/a_J7rjsBI24?feature=oembed\" frameborder=\"0\" allow=\"accelerometer; autoplay; clipboard-write; encrypted-media; gyroscope; picture-in-picture; web-share\" referrerpolicy=\"strict-origin-when-cross-origin\" allowfullscreen><\/iframe>\n<\/div><figcaption class=\"wp-element-caption\">Catalina Olivares, Ganadora del Reto<\/figcaption><\/figure>\n\n\n\n<figure class=\"wp-block-embed aligncenter is-type-video is-provider-youtube wp-block-embed-youtube wp-embed-aspect-16-9 wp-has-aspect-ratio\"><div class=\"wp-block-embed__wrapper\">\n<iframe loading=\"lazy\" title=\"De madre agotada a ganar el Reto del Mes | Testimonio con Herbalife \ud83d\udcaa #Reto21D\u00edas #Transformaci\u00f3n\" width=\"563\" height=\"1000\" src=\"https:\/\/www.youtube.com\/embed\/tEspxx4K3cE?feature=oembed\" frameborder=\"0\" allow=\"accelerometer; autoplay; clipboard-write; encrypted-media; gyroscope; picture-in-picture; web-share\" referrerpolicy=\"strict-origin-when-cross-origin\" allowfullscreen><\/iframe>\n<\/div><figcaption class=\"wp-element-caption\">Yailenis Castillo, Ganadora del Reto<\/figcaption><\/figure>\n\n\n\n<figure class=\"wp-block-embed aligncenter is-type-video is-provider-youtube wp-block-embed-youtube wp-embed-aspect-16-9 wp-has-aspect-ratio\"><div class=\"wp-block-embed__wrapper\">\n<iframe loading=\"lazy\" title=\"De dolores y sobrepeso a bajar 9 kg | Testimonio con Herbalife \ud83d\udcaa #Reto21D\u00edas #Transformaci\u00f3n\" width=\"720\" height=\"405\" src=\"https:\/\/www.youtube.com\/embed\/LT37zrEW00Y?feature=oembed\" frameborder=\"0\" allow=\"accelerometer; autoplay; clipboard-write; encrypted-media; gyroscope; picture-in-picture; web-share\" referrerpolicy=\"strict-origin-when-cross-origin\" allowfullscreen><\/iframe>\n<\/div><figcaption class=\"wp-element-caption\">Oscar Vargas, Ganador del Reto<\/figcaption><\/figure>\n\n\n\n<figure class=\"wp-block-embed aligncenter is-type-video is-provider-youtube wp-block-embed-youtube wp-embed-aspect-16-9 wp-has-aspect-ratio\"><div class=\"wp-block-embed__wrapper\">\n<iframe loading=\"lazy\" title=\"Del bal\u00f3n g\u00e1strico a ganar el Reto del Mes | Testimonio con Herbalife \ud83d\udcaa #Reto21D\u00edas #Transformaci\u00f3n\" width=\"720\" height=\"405\" src=\"https:\/\/www.youtube.com\/embed\/1ReJG4Ebbng?feature=oembed\" frameborder=\"0\" allow=\"accelerometer; autoplay; clipboard-write; encrypted-media; gyroscope; picture-in-picture; web-share\" referrerpolicy=\"strict-origin-when-cross-origin\" allowfullscreen><\/iframe>\n<\/div><figcaption class=\"wp-element-caption\">Nazaret Rodriguez, Ganadora del Reto <\/figcaption><\/figure>\n\n\n\n<figure class=\"wp-block-embed aligncenter is-type-video is-provider-youtube wp-block-embed-youtube wp-embed-aspect-16-9 wp-has-aspect-ratio\"><div class=\"wp-block-embed__wrapper\">\n<iframe loading=\"lazy\" title=\"De dormirse parada a sentirse motivada | Testimonio con Herbalife \ud83d\udcaa #Reto21D\u00edas #Transformaci\u00f3n\" width=\"720\" height=\"405\" src=\"https:\/\/www.youtube.com\/embed\/sUr8j59p_Kc?feature=oembed\" frameborder=\"0\" allow=\"accelerometer; autoplay; clipboard-write; encrypted-media; gyroscope; picture-in-picture; web-share\" referrerpolicy=\"strict-origin-when-cross-origin\" allowfullscreen><\/iframe>\n<\/div><figcaption class=\"wp-element-caption\">Patricia Galarce, Gandora del Reto<\/figcaption><\/figure>\n\n\n<div class=\"wp-block-image\">\n<figure class=\"aligncenter size-full\"><img loading=\"lazy\" decoding=\"async\" width=\"900\" height=\"100\" src=\"https:\/\/herbanutricion.com\/cl\/wp-content\/uploads\/sites\/31\/2024\/06\/disclaimer-fotos-reto.png\" alt=\"\" class=\"wp-image-2851\" title=\"\" srcset=\"https:\/\/herbanutricion.com\/cl\/wp-content\/uploads\/sites\/31\/2024\/06\/disclaimer-fotos-reto.png 900w, https:\/\/herbanutricion.com\/cl\/wp-content\/uploads\/sites\/31\/2024\/06\/disclaimer-fotos-reto-300x33.png 300w, https:\/\/herbanutricion.com\/cl\/wp-content\/uploads\/sites\/31\/2024\/06\/disclaimer-fotos-reto-768x85.png 768w, https:\/\/herbanutricion.com\/cl\/wp-content\/uploads\/sites\/31\/2024\/06\/disclaimer-fotos-reto-800x89.png 800w\" sizes=\"auto, (max-width: 900px) 100vw, 900px\" \/><\/figure>\n<\/div>\n\n\n<h2 class=\"wp-block-heading has-medium-font-size\">\u00danete al <a href=\"https:\/\/herbanutricion.com\/cl\/reto-21-dias\/\" data-type=\"page\" data-id=\"22\">Reto de 21 D\u00edas<\/a><\/h2>\n\n\n\n<p>\u00bfEst\u00e1s listo para transformar tu vida? \u00danete al reto de 21 d\u00edas de Herbalife y descubre c\u00f3mo puedes alcanzar tus metas de salud y bienestar. Inscr\u00edbete hoy y empieza tu camino hacia una vida m\u00e1s saludable y feliz.<\/p>\n\n\n\n<div class=\"wp-block-buttons has-custom-font-size has-small-font-size is-content-justification-center is-layout-flex wp-container-core-buttons-is-layout-16018d1d wp-block-buttons-is-layout-flex\">\n<div class=\"wp-block-button has-custom-font-size\" style=\"font-size:20px\"><a class=\"wp-block-button__link has-background wp-element-button\" href=\"https:\/\/wa.me\/56958680897?text=\u00a1Hola!%20Me%20interesa%20participar%20en%20el%20reto%20de%2021%20d\u00edas%20y%20me%20gustar\u00eda%20recibir%20asesor\u00eda%20de%20c\u00f3mo%20comenzar.%20\u00bfPodr\u00edan%20orientarme?\" style=\"border-radius:10px;background:linear-gradient(135deg,rgb(59,145,135) 0%,rgb(32,99,43) 100%)\" target=\"_blank\" rel=\"noreferrer noopener nofollow\"><strong>\u00a1\u00danete Ahora!<\/strong><\/a><\/div>\n<\/div>\n","protected":false},"excerpt":{"rendered":"<p>Descubre Incre\u00edbles Resultados con Herbalife: Salud Garantizada Conoce historias reales de personas que han logrado cambios sorprendentes con Herbalife. Descubre c\u00f3mo nuestros productos han transformado su salud y bienestar. Historias de Resultados con el Reto de 21 D\u00edas \u00bfListo para ver c\u00f3mo el reto de 21 d\u00edas puede cambiar tu vida? Aqu\u00ed encontrar\u00e1s experiencias diarias&#8230;<\/p>\n","protected":false},"author":1,"featured_media":1800,"parent":399,"menu_order":0,"comment_status":"closed","ping_status":"closed","template":"","meta":{"_kad_post_transparent":"","_kad_post_title":"","_kad_post_layout":"","_kad_post_sidebar_id":"","_kad_post_content_style":"","_kad_post_vertical_padding":"","_kad_post_feature":"","_kad_post_feature_position":"","_kad_post_header":false,"_kad_post_footer":false,"_kad_post_classname":"","yasr_overall_rating":0,"yasr_post_is_review":"","yasr_auto_insert_disabled":"","yasr_review_type":"","_joinchat":[],"footnotes":""},"class_list":["post-1798","page","type-page","status-publish","has-post-thumbnail","hentry"],"yasr_visitor_votes":{"stars_attributes":{"read_only":false,"span_bottom":false},"number_of_votes":3,"sum_votes":14},"_links":{"self":[{"href":"https:\/\/herbanutricion.com\/cl\/wp-json\/wp\/v2\/pages\/1798","targetHints":{"allow":["GET"]}}],"collection":[{"href":"https:\/\/herbanutricion.com\/cl\/wp-json\/wp\/v2\/pages"}],"about":[{"href":"https:\/\/herbanutricion.com\/cl\/wp-json\/wp\/v2\/types\/page"}],"author":[{"embeddable":true,"href":"https:\/\/herbanutricion.com\/cl\/wp-json\/wp\/v2\/users\/1"}],"replies":[{"embeddable":true,"href":"https:\/\/herbanutricion.com\/cl\/wp-json\/wp\/v2\/comments?post=1798"}],"version-history":[{"count":2,"href":"https:\/\/herbanutricion.com\/cl\/wp-json\/wp\/v2\/pages\/1798\/revisions"}],"predecessor-version":[{"id":6035,"href":"https:\/\/herbanutricion.com\/cl\/wp-json\/wp\/v2\/pages\/1798\/revisions\/6035"}],"up":[{"embeddable":true,"href":"https:\/\/herbanutricion.com\/cl\/wp-json\/wp\/v2\/pages\/399"}],"wp:featuredmedia":[{"embeddable":true,"href":"https:\/\/herbanutricion.com\/cl\/wp-json\/wp\/v2\/media\/1800"}],"wp:attachment":[{"href":"https:\/\/herbanutricion.com\/cl\/wp-json\/wp\/v2\/media?parent=1798"}],"curies":[{"name":"wp","href":"https:\/\/api.w.org\/{rel}","templated":true}]}}