{"id":1806,"date":"2026-02-20T15:39:41","date_gmt":"2026-02-20T18:39:41","guid":{"rendered":"https:\/\/herbanutricion.com\/cl\/?page_id=1806"},"modified":"2026-02-20T15:39:46","modified_gmt":"2026-02-20T18:39:46","slug":"resultados-del-negocio","status":"publish","type":"page","link":"https:\/\/herbanutricion.com\/cl\/negocio-herbalife\/resultados-del-negocio\/","title":{"rendered":"\u2605Resultados del Negocio Herbalife en Chile: Historias 2026"},"content":{"rendered":"\n<h1 class=\"wp-block-heading\" style=\"font-size:21px\">Resultados del Negocio con Herbalife <\/h1>\n\n\n\n<h2 class=\"wp-block-heading\" style=\"font-size:20px\">Historias de \u00c9xito con el Negocio Herbalife: Transformaciones Inspiradoras<\/h2>\n\n\n\n<p>En herbanutricion.com\/cl, creemos en compartir historias reales de personas que han experimentado resultados positivos con Herbalife. A trav\u00e9s de nuestros productos de nutrici\u00f3n y oportunidad de negocio, hemos sido testigos de transformaciones extraordinarias en la salud y la vida financiera de individuos de todo el mundo.<\/p>\n\n\n\n<h3 class=\"wp-block-heading\"><strong>De Cliente a Emprendedor: Testimonios de \u00c9xito<\/strong><\/h3>\n\n\n\n<figure class=\"wp-block-embed is-type-video is-provider-youtube wp-block-embed-youtube wp-embed-aspect-16-9 wp-has-aspect-ratio\"><div class=\"wp-block-embed__wrapper\">\n<iframe loading=\"lazy\" title=\"De Agente de Bienes Ra\u00edces a Coach Full-Time: C\u00f3mo Nana Sof\u00eda Transform\u00f3 su Vida \ud83d\udcbc\u2728 | #NegocioGlobal\" width=\"720\" height=\"405\" src=\"https:\/\/www.youtube.com\/embed\/ma-KuLcHPMk?feature=oembed\" frameborder=\"0\" allow=\"accelerometer; autoplay; clipboard-write; encrypted-media; gyroscope; picture-in-picture; web-share\" referrerpolicy=\"strict-origin-when-cross-origin\" allowfullscreen><\/iframe>\n<\/div><figcaption class=\"wp-element-caption\">Nana Sofia. Agente de bienes raices.<\/figcaption><\/figure>\n\n\n\n<figure class=\"wp-block-embed is-type-video is-provider-youtube wp-block-embed-youtube wp-embed-aspect-16-9 wp-has-aspect-ratio\"><div class=\"wp-block-embed__wrapper\">\n<iframe loading=\"lazy\" title=\"De Personal Trainer a Coach Global con Herbalife \ud83c\udf0d\ud83d\udcaa | #OportunidadHerbalife #NegocioGlobal\" width=\"720\" height=\"405\" src=\"https:\/\/www.youtube.com\/embed\/bYOXbFgFBw4?feature=oembed\" frameborder=\"0\" allow=\"accelerometer; autoplay; clipboard-write; encrypted-media; gyroscope; picture-in-picture; web-share\" referrerpolicy=\"strict-origin-when-cross-origin\" allowfullscreen><\/iframe>\n<\/div><figcaption class=\"wp-element-caption\">Rafael Armas. Personal Trainer y conductor de Uber<\/figcaption><\/figure>\n\n\n\n<figure class=\"wp-block-embed is-type-video is-provider-youtube wp-block-embed-youtube wp-embed-aspect-16-9 wp-has-aspect-ratio\"><div class=\"wp-block-embed__wrapper\">\n<iframe loading=\"lazy\" title=\"De Ingeniera a Coach: C\u00f3mo \u00c1ngela Cambi\u00f3 su Vida \ud83d\udcbc\u2728 | #OportunidadHerbalife #NegocioDesdeCasa\" width=\"720\" height=\"405\" src=\"https:\/\/www.youtube.com\/embed\/mY0bacJL13I?feature=oembed\" frameborder=\"0\" allow=\"accelerometer; autoplay; clipboard-write; encrypted-media; gyroscope; picture-in-picture; web-share\" referrerpolicy=\"strict-origin-when-cross-origin\" allowfullscreen><\/iframe>\n<\/div><figcaption class=\"wp-element-caption\">\u00c1ngela G\u00f3mez, Ingeniera Industrial<\/figcaption><\/figure>\n\n\n\n<figure class=\"wp-block-embed is-type-video is-provider-youtube wp-block-embed-youtube wp-embed-aspect-16-9 wp-has-aspect-ratio\"><div class=\"wp-block-embed__wrapper\">\n<iframe loading=\"lazy\" title=\"De Entrenador a Coach: C\u00f3mo \u00c1lvaro Cambi\u00f3 su Vida \ud83d\udcaa\u2728 | #OportunidadHerbalife #NegocioDesdeCasa\" width=\"720\" height=\"405\" src=\"https:\/\/www.youtube.com\/embed\/ic_ex2GVJsA?feature=oembed\" frameborder=\"0\" allow=\"accelerometer; autoplay; clipboard-write; encrypted-media; gyroscope; picture-in-picture; web-share\" referrerpolicy=\"strict-origin-when-cross-origin\" allowfullscreen><\/iframe>\n<\/div><figcaption class=\"wp-element-caption\">Alvaro Carela. Entrenador Personal<\/figcaption><\/figure>\n\n\n\n<figure class=\"wp-block-embed is-type-video is-provider-youtube wp-block-embed-youtube wp-embed-aspect-4-3 wp-has-aspect-ratio\"><div class=\"wp-block-embed__wrapper\">\n<iframe loading=\"lazy\" title=\"De Desempleo a Coach Global: C\u00f3mo Viviana Transform\u00f3 su Vida \ud83d\udcbc\u2728 |  #NegocioDesdeCasa\" width=\"720\" height=\"405\" src=\"https:\/\/www.youtube.com\/embed\/J0AtK3hcw94?feature=oembed\" frameborder=\"0\" allow=\"accelerometer; autoplay; clipboard-write; encrypted-media; gyroscope; picture-in-picture; web-share\" referrerpolicy=\"strict-origin-when-cross-origin\" allowfullscreen><\/iframe>\n<\/div><figcaption class=\"wp-element-caption\">Biviana G\u00f3mez. Estudiante <\/figcaption><\/figure>\n\n\n\n<p><\/p>\n\n\n\n<figure class=\"wp-block-embed is-type-video is-provider-youtube wp-block-embed-youtube wp-embed-aspect-16-9 wp-has-aspect-ratio\"><div class=\"wp-block-embed__wrapper\">\n<iframe loading=\"lazy\" title=\"De Gerente a Negocio Global con Herbalife: Testimonio Real \ud83d\udcbc\u2728 | #OportunidadHerbalife #NegocioGlobal\" width=\"720\" height=\"405\" src=\"https:\/\/www.youtube.com\/embed\/ad7F_lNLXJo?feature=oembed\" frameborder=\"0\" allow=\"accelerometer; autoplay; clipboard-write; encrypted-media; gyroscope; picture-in-picture; web-share\" referrerpolicy=\"strict-origin-when-cross-origin\" allowfullscreen><\/iframe>\n<\/div><figcaption class=\"wp-element-caption\">Tomas Rivas. Gerente financiero<\/figcaption><\/figure>\n\n\n\n<figure class=\"wp-block-embed is-type-video is-provider-youtube wp-block-embed-youtube wp-embed-aspect-4-3 wp-has-aspect-ratio\"><div class=\"wp-block-embed__wrapper\">\n<iframe loading=\"lazy\" title=\"De auditor financiero a vivir por dise\u00f1o | Testimonio con Herbalife \ud83d\udcbc\u2728 #OportunidadHerbalife\" width=\"720\" height=\"540\" src=\"https:\/\/www.youtube.com\/embed\/B-h09HtSYNY?feature=oembed\" frameborder=\"0\" allow=\"accelerometer; autoplay; clipboard-write; encrypted-media; gyroscope; picture-in-picture; web-share\" referrerpolicy=\"strict-origin-when-cross-origin\" allowfullscreen><\/iframe>\n<\/div><figcaption class=\"wp-element-caption\">Wilfredo Herrera. Auditor financiero<\/figcaption><\/figure>\n\n\n\n<figure class=\"wp-block-embed is-type-video is-provider-youtube wp-block-embed-youtube wp-embed-aspect-16-9 wp-has-aspect-ratio\"><div class=\"wp-block-embed__wrapper\">\n<iframe loading=\"lazy\" title=\"De 4 trabajos a negocio global | Testimonio con Herbalife \ud83d\udcbc\u2728 #OportunidadHerbalife #NegocioGlobal\" width=\"720\" height=\"405\" src=\"https:\/\/www.youtube.com\/embed\/f2pkFRSPH4c?feature=oembed\" frameborder=\"0\" allow=\"accelerometer; autoplay; clipboard-write; encrypted-media; gyroscope; picture-in-picture; web-share\" referrerpolicy=\"strict-origin-when-cross-origin\" allowfullscreen><\/iframe>\n<\/div><figcaption class=\"wp-element-caption\">Yanireth Villaroel. <\/figcaption><\/figure>\n\n\n\n<figure class=\"wp-block-embed is-type-video is-provider-youtube wp-block-embed-youtube wp-embed-aspect-16-9 wp-has-aspect-ratio\"><div class=\"wp-block-embed__wrapper\">\n<iframe loading=\"lazy\" title=\"Transforma tu Cuerpo y Finanzas con Mike Gonz\u00e1lez \ud83d\udcaa\ud83d\udcb0 | #OportunidadHerbalife #NegocioGlobal\" width=\"720\" height=\"405\" src=\"https:\/\/www.youtube.com\/embed\/_cAVVZMfWSc?feature=oembed\" frameborder=\"0\" allow=\"accelerometer; autoplay; clipboard-write; encrypted-media; gyroscope; picture-in-picture; web-share\" referrerpolicy=\"strict-origin-when-cross-origin\" allowfullscreen><\/iframe>\n<\/div><figcaption class=\"wp-element-caption\">Mike Gonzalez<\/figcaption><\/figure>\n\n\n\n<p class=\"has-small-font-size\"><em>Estos resultados son excepcionales y reflejan dedicaci\u00f3n, esfuerzo y habilidad, lo cual no es t\u00edpico. La mayor\u00eda de los miembros del equipo ganan alg\u00fan ingreso extra. Para m\u00e1s informaci\u00f3n sobre ganancias potenciales, por favor cont\u00e1ctenos<\/em>.<\/p>\n\n\n\n<p><\/p>\n\n\n\n<p>En herbanutricion.com\/cl, estas historias son solo ejemplos de los numerosos testimonios de \u00e9xito que reflejan el impacto positivo de Herbalife en la vida de las personas. <\/p>\n\n\n\n<p>Si est\u00e1s buscando mejorar tu salud, alcanzar tus metas fitness o explorar oportunidades de negocio, \u00a1\u00fanete a nuestra comunidad y descubre c\u00f3mo Herbalife puede transformar tu vida!<\/p>\n\n\n\n<p><\/p>\n\n\n\n<div class=\"wp-block-buttons is-content-justification-center is-layout-flex wp-container-core-buttons-is-layout-16018d1d wp-block-buttons-is-layout-flex\">\n<div class=\"wp-block-button is-style-fill\" id=\"COMPRA-F\u00c1CIL-POR-WHATSAPP\"><a class=\"wp-block-button__link has-background wp-element-button\" href=\"https:\/\/wa.me\/56958680897?text=\u00a1Hola!%20Estoy%20interesado(a)%20en%20convertirme%20en%20Distribuidor%20Herbalife%20y%20quiero%20saber%20m\u00e1s%20sobre%20c\u00f3mo%20empezar.%20\u00bfPodr\u00edan%20brindarme%20m\u00e1s%20informaci\u00f3n?\" style=\"border-radius:10px;background:linear-gradient(135deg,rgb(59,145,135) 7%,rgb(32,99,43) 97%)\" rel=\"https:\/\/wa.me\/56958680897?text=Hola,%20me%20interesan%20los%20productos%20Herbalife%20y%20me%20gustar%C3%ADa%20recibir%20asesor%C3%ADa%20personalizada%20para%20hacer%20mi%20compra.%20%C2%BFPodr%C3%ADan%20ayudarme? nofollow noopener\" target=\"_blank\"><strong>\u00danete Ahora como Distribuidor<\/strong><\/a><\/div>\n<\/div>\n","protected":false},"excerpt":{"rendered":"<p>Resultados del Negocio con Herbalife Historias de \u00c9xito con el Negocio Herbalife: Transformaciones Inspiradoras En herbanutricion.com\/cl, creemos en compartir historias reales de personas que han experimentado resultados positivos con Herbalife. A trav\u00e9s de nuestros productos de nutrici\u00f3n y oportunidad de negocio, hemos sido testigos de transformaciones extraordinarias en la salud y la vida financiera de&#8230;<\/p>\n","protected":false},"author":1,"featured_media":0,"parent":120,"menu_order":0,"comment_status":"closed","ping_status":"closed","template":"","meta":{"_kad_post_transparent":"","_kad_post_title":"","_kad_post_layout":"","_kad_post_sidebar_id":"","_kad_post_content_style":"","_kad_post_vertical_padding":"","_kad_post_feature":"","_kad_post_feature_position":"","_kad_post_header":false,"_kad_post_footer":false,"_kad_post_classname":"","yasr_overall_rating":0,"yasr_post_is_review":"","yasr_auto_insert_disabled":"","yasr_review_type":"","_joinchat":[],"footnotes":""},"class_list":["post-1806","page","type-page","status-publish","hentry"],"yasr_visitor_votes":{"stars_attributes":{"read_only":false,"span_bottom":false},"number_of_votes":2,"sum_votes":10},"_links":{"self":[{"href":"https:\/\/herbanutricion.com\/cl\/wp-json\/wp\/v2\/pages\/1806","targetHints":{"allow":["GET"]}}],"collection":[{"href":"https:\/\/herbanutricion.com\/cl\/wp-json\/wp\/v2\/pages"}],"about":[{"href":"https:\/\/herbanutricion.com\/cl\/wp-json\/wp\/v2\/types\/page"}],"author":[{"embeddable":true,"href":"https:\/\/herbanutricion.com\/cl\/wp-json\/wp\/v2\/users\/1"}],"replies":[{"embeddable":true,"href":"https:\/\/herbanutricion.com\/cl\/wp-json\/wp\/v2\/comments?post=1806"}],"version-history":[{"count":2,"href":"https:\/\/herbanutricion.com\/cl\/wp-json\/wp\/v2\/pages\/1806\/revisions"}],"predecessor-version":[{"id":6033,"href":"https:\/\/herbanutricion.com\/cl\/wp-json\/wp\/v2\/pages\/1806\/revisions\/6033"}],"up":[{"embeddable":true,"href":"https:\/\/herbanutricion.com\/cl\/wp-json\/wp\/v2\/pages\/120"}],"wp:attachment":[{"href":"https:\/\/herbanutricion.com\/cl\/wp-json\/wp\/v2\/media?parent=1806"}],"curies":[{"name":"wp","href":"https:\/\/api.w.org\/{rel}","templated":true}]}}