{"id":201,"date":"2024-05-30T17:39:16","date_gmt":"2024-05-30T21:39:16","guid":{"rendered":"https:\/\/herbanutricion.com\/cl\/?page_id=201"},"modified":"2024-06-08T10:47:32","modified_gmt":"2024-06-08T14:47:32","slug":"reembolso-devoluciones","status":"publish","type":"page","link":"https:\/\/herbanutricion.com\/cl\/reembolso-devoluciones\/","title":{"rendered":"Pol\u00edtica de Devoluci\u00f3n y Reembolso"},"content":{"rendered":"\n<p>En HerbaNutricion, nos esforzamos por brindarte una excelente experiencia de compra. Si por alguna raz\u00f3n no est\u00e1s satisfecho con tu compra, aceptamos devoluciones dentro de los siguientes t\u00e9rminos alineados con la pol\u00edtica de Herbalife Internacional:<\/p>\n\n\n\n<p><strong>Per\u00edodo de Devoluci\u00f3n:<\/strong><br>Tienes 30 d\u00edas calendario a partir de la fecha de compra para solicitar una devoluci\u00f3n.<\/p>\n\n\n\n<p><strong>Productos Elegibles:<\/strong><\/p>\n\n\n\n<ul class=\"wp-block-list\">\n<li>Productos sin abrir, sellados y en condiciones reventa.<\/li>\n\n\n\n<li>Productos con defectos de fabricaci\u00f3n (deber\u00e1s proporcionar detalles y evidencia).<\/li>\n<\/ul>\n\n\n\n<p><strong>Proceso de Devoluci\u00f3n:<\/strong><\/p>\n\n\n\n<ol class=\"wp-block-list\">\n<li>Cont\u00e1ctanos a trav\u00e9s de contacto@herbanutricion.com\/cl o al +56999184613 indicando tu deseo de devolver el producto. Proporciona el n\u00famero de orden y detalles.<\/li>\n\n\n\n<li>Una vez aprobada la solicitud, te enviaremos instrucciones para el env\u00edo.<\/li>\n\n\n\n<li>Deber\u00e1s cubrir los gastos de env\u00edo de la devoluci\u00f3n.<\/li>\n\n\n\n<li>Una vez recibido y verificado, procederemos con el reembolso.<\/li>\n<\/ol>\n\n\n\n<p><strong>Reembolso:<\/strong><\/p>\n\n\n\n<ul class=\"wp-block-list\">\n<li>El reembolso se realizar\u00e1 por el precio total de compra, incluyendo los gastos de env\u00edo inicial.<\/li>\n\n\n\n<li>Se reembolsar\u00e1 utilizando el mismo m\u00e9todo de pago de la compra original.<\/li>\n\n\n\n<li>Los tiempos de acreditaci\u00f3n depender\u00e1n de la instituci\u00f3n financiera.<\/li>\n<\/ul>\n\n\n\n<p><strong>Excepciones:<\/strong><\/p>\n\n\n\n<ul class=\"wp-block-list\">\n<li>Productos abiertos, usados, da\u00f1ados o sin empaques originales no son elegibles.<\/li>\n\n\n\n<li>Ciertos productos podr\u00edan tener pol\u00edticas espec\u00edficas que se indicar\u00e1n en su descripci\u00f3n.<\/li>\n<\/ul>\n\n\n\n<p><\/p>\n","protected":false},"excerpt":{"rendered":"<p>En HerbaNutricion, nos esforzamos por brindarte una excelente experiencia de compra. Si por alguna raz\u00f3n no est\u00e1s satisfecho con tu compra, aceptamos devoluciones dentro de los siguientes t\u00e9rminos alineados con la pol\u00edtica de Herbalife Internacional: Per\u00edodo de Devoluci\u00f3n:Tienes 30 d\u00edas calendario a partir de la fecha de compra para solicitar una devoluci\u00f3n. Productos Elegibles: Proceso&#8230;<\/p>\n","protected":false},"author":1,"featured_media":0,"parent":0,"menu_order":0,"comment_status":"closed","ping_status":"closed","template":"","meta":{"_kad_post_transparent":"","_kad_post_title":"","_kad_post_layout":"","_kad_post_sidebar_id":"","_kad_post_content_style":"","_kad_post_vertical_padding":"","_kad_post_feature":"","_kad_post_feature_position":"","_kad_post_header":false,"_kad_post_footer":false,"_kad_post_classname":"","yasr_overall_rating":0,"yasr_post_is_review":"","yasr_auto_insert_disabled":"","yasr_review_type":"","_joinchat":[],"footnotes":""},"class_list":["post-201","page","type-page","status-publish","hentry"],"yasr_visitor_votes":{"stars_attributes":{"read_only":false,"span_bottom":false},"number_of_votes":1,"sum_votes":5},"_links":{"self":[{"href":"https:\/\/herbanutricion.com\/cl\/wp-json\/wp\/v2\/pages\/201","targetHints":{"allow":["GET"]}}],"collection":[{"href":"https:\/\/herbanutricion.com\/cl\/wp-json\/wp\/v2\/pages"}],"about":[{"href":"https:\/\/herbanutricion.com\/cl\/wp-json\/wp\/v2\/types\/page"}],"author":[{"embeddable":true,"href":"https:\/\/herbanutricion.com\/cl\/wp-json\/wp\/v2\/users\/1"}],"replies":[{"embeddable":true,"href":"https:\/\/herbanutricion.com\/cl\/wp-json\/wp\/v2\/comments?post=201"}],"version-history":[{"count":0,"href":"https:\/\/herbanutricion.com\/cl\/wp-json\/wp\/v2\/pages\/201\/revisions"}],"wp:attachment":[{"href":"https:\/\/herbanutricion.com\/cl\/wp-json\/wp\/v2\/media?parent=201"}],"curies":[{"name":"wp","href":"https:\/\/api.w.org\/{rel}","templated":true}]}}