{"id":2210,"date":"2026-02-20T15:36:48","date_gmt":"2026-02-20T18:36:48","guid":{"rendered":"https:\/\/herbanutricion.com\/cl\/?page_id=2210"},"modified":"2026-04-16T22:42:26","modified_gmt":"2026-04-17T02:42:26","slug":"nrg-herbalife","status":"publish","type":"page","link":"https:\/\/herbanutricion.com\/cl\/productos-herbalife\/nrg-herbalife\/","title":{"rendered":"\u2605 T\u00e9 NRG Herbalife Chile: Energ\u00eda y Concentraci\u00f3n 2026"},"content":{"rendered":"\n<h1 class=\"wp-block-heading\">Aumenta tu Energ\u00eda con el T\u00e9 NRG Herbalife &#8211; Salud y Vitalidad<\/h1>\n\n\n\n<div class=\"wp-block-columns is-layout-flex wp-container-core-columns-is-layout-9d6595d7 wp-block-columns-is-layout-flex\">\n<div class=\"wp-block-column is-vertically-aligned-center is-layout-flow wp-block-column-is-layout-flow\" style=\"flex-basis:66.66%\">\n<h2 class=\"wp-block-heading\">Vibrante Energ\u00eda con T\u00e9 NRG Herbalife<\/h2>\n\n\n\n<p>El <a href=\"https:\/\/herbanutricion.com\/cl\/producto\/te-nrg-herbalife\/\" data-type=\"product\" data-id=\"311\">T\u00e9 NRG Herbalife <\/a>es un suplemento energizante elaborado con una mezcla de guaran\u00e1, t\u00e9 pekoe naranja y c\u00e1scara de lim\u00f3n. Este producto est\u00e1 dise\u00f1ado para aumentar la alerta mental y la concentraci\u00f3n, proporcionando un impulso suave y natural.<\/p>\n<\/div>\n\n\n\n<div class=\"wp-block-column is-vertically-aligned-center is-layout-flow wp-block-column-is-layout-flow\" style=\"flex-basis:33.33%\"><div class=\"wp-block-image\">\n<figure class=\"aligncenter size-full\"><img loading=\"lazy\" decoding=\"async\" width=\"450\" height=\"350\" src=\"https:\/\/herbanutricion.com\/cl\/wp-content\/uploads\/sites\/31\/2024\/06\/te-nrg-herbalife.webp\" alt=\"\" class=\"wp-image-2867\" title=\"\" srcset=\"https:\/\/herbanutricion.com\/cl\/wp-content\/uploads\/sites\/31\/2024\/06\/te-nrg-herbalife.webp 450w, https:\/\/herbanutricion.com\/cl\/wp-content\/uploads\/sites\/31\/2024\/06\/te-nrg-herbalife-193x150.webp 193w\" sizes=\"auto, (max-width: 450px) 100vw, 450px\" \/><\/figure>\n<\/div><\/div>\n<\/div>\n\n\n\n<div class=\"wp-block-buttons is-content-justification-center is-layout-flex wp-container-core-buttons-is-layout-16018d1d wp-block-buttons-is-layout-flex\">\n<div class=\"wp-block-button is-style-fill\" id=\"COMPRA-F\u00c1CIL-POR-WHATSAPP\"><a class=\"wp-block-button__link has-background wp-element-button\" href=\"https:\/\/api.whatsapp.com\/send\/?phone=56958680897&amp;text=Hola%2C+me+interesa+adquirir+productos+Herbalife+con+descuentos+como+cliente+preferente.+%C2%BFPodr%C3%ADas+darme+m%C3%A1s+informaci%C3%B3n+al+respecto%3F&amp;type=phone_number&amp;app_absent=0\" style=\"border-radius:10px;background:linear-gradient(90deg,rgb(66,160,70) 0%,rgb(59,145,135) 100%)\" rel=\"https:\/\/wa.me\/56958680897?text=Hola,%20me%20interesan%20los%20productos%20Herbalife%20y%20me%20gustar%C3%ADa%20recibir%20asesor%C3%ADa%20personalizada%20para%20hacer%20mi%20compra.%20%C2%BFPodr%C3%ADan%20ayudarme? nofollow noopener\" target=\"_blank\"><strong>COMPRA F\u00c1CIL POR WHATSAPP<\/strong><\/a><\/div>\n<\/div>\n\n\n\n\n\n<h2 class=\"wp-block-heading\">Vibrante Energ\u00eda con T\u00e9 de Guarana Herbalife<\/h2>\n\n\n\n<p>El NRG o de T\u00e9 de Guarana Herbalife es un suplemento energizante elaborado con una mezcla de guaran\u00e1, t\u00e9 pekoe naranja y c\u00e1scara de lim\u00f3n. Este producto est\u00e1 dise\u00f1ado para aumentar la alerta mental y la concentraci\u00f3n, proporcionando un impulso suave y natural. Disponible en 2 sabor, <a href=\"https:\/\/herbanutricion.com\/cl\/producto\/te-nrg-herbalife\/\" data-type=\"product\" data-id=\"311\">NRG cl\u00e1sico<\/a> y <a href=\"https:\/\/herbanutricion.com\/cl\/producto\/te-nrg-herbalife-tropical\/\" data-type=\"product\" data-id=\"312\">tropical<\/a>.<\/p>\n\n\n\n<h2 class=\"wp-block-heading\">Caracter\u00edsticas del T\u00e9 NRG Herbalife<\/h2>\n\n\n\n<ul class=\"wp-block-list\">\n<li><strong>Ingredientes Naturales:<\/strong> Incluye guaran\u00e1, t\u00e9 pekoe naranja y c\u00e1scara de lim\u00f3n.<\/li>\n\n\n\n<li><strong>Cero Calor\u00edas:<\/strong> Ideal para quienes buscan un producto energizante sin a\u00f1adir calor\u00edas a su dieta.<\/li>\n\n\n\n<li><strong>Presentaci\u00f3n:<\/strong> Disponible en polvo para f\u00e1cil preparaci\u00f3n en casa o sobre la marcha.<\/li>\n<\/ul>\n\n\n\n<h2 class=\"wp-block-heading\">\u00bfPor qu\u00e9 tiene este precio el T\u00e9 NRG Herbalife?<\/h2>\n\n\n\n<p>El precio del T\u00e9 de Guarana Herbalife refleja su formulaci\u00f3n de alta calidad con ingredientes naturales que no solo energizan sino tambi\u00e9n aportan beneficios adicionales como mejora de la concentraci\u00f3n. La combinaci\u00f3n de guaran\u00e1 y t\u00e9 pekoe es valorada por su efectividad y seguridad.<\/p>\n\n\n\n<h2 class=\"wp-block-heading\">Ventajas del T\u00e9 NRG Herbalife<\/h2>\n\n\n\n<ol class=\"wp-block-list\">\n<li><strong>Energ\u00eda Natural:<\/strong> Aumenta la alerta mental sin los efectos secundarios de otros estimulantes.<\/li>\n\n\n\n<li><strong>Sin Calor\u00edas:<\/strong> Ideal para mantener el control de peso.<\/li>\n\n\n\n<li><strong>Ingredientes de Alta Calidad:<\/strong> Uso de guaran\u00e1 y otros ingredientes naturales.<\/li>\n\n\n\n<li><strong>F\u00e1cil Preparaci\u00f3n:<\/strong> Polvo que se mezcla f\u00e1cilmente en cualquier l\u00edquido.<\/li>\n\n\n\n<li><strong>Sabor Agradable:<\/strong> Disponible en sabores tradicional y tropical.<\/li>\n\n\n\n<li><strong>Opiniones Positivas:<\/strong> Altas calificaciones de satisfacci\u00f3n del cliente.<\/li>\n\n\n\n<li><strong>Versatilidad:<\/strong> Puede ser consumido caliente o fr\u00edo.<\/li>\n\n\n\n<li><strong>Disponibilidad:<\/strong> F\u00e1cil de adquirir a trav\u00e9s de distribuidores de Herbalife.<\/li>\n<\/ol>\n\n\n\n<h2 class=\"wp-block-heading\">Otros beneficios del T\u00e9 NRG Herbalife<\/h2>\n\n\n\n<p>Adem\u00e1s de proporcionar energ\u00eda y mejorar la concentraci\u00f3n, el T\u00e9 de guarana Herbalife tambi\u00e9n puede contribuir a una mejor hidrataci\u00f3n y ser una alternativa saludable a las bebidas energ\u00e9ticas azucaradas. Su contenido en cafe\u00edna natural ayuda a mantener un estado de alerta sin los picos y ca\u00eddas de az\u00facar.<\/p>\n\n\n\n<h2 class=\"wp-block-heading\">Conoce las opiniones sobre T\u00e9 NRG Herbalife<\/h2>\n\n\n\n<h3 class=\"wp-block-heading\">Opiniones de Usuarios<\/h3>\n\n\n\n<table style=\"width:100%; border: 1px solid black; border-collapse: collapse;\">\n  <tr style=\"background-color: #d4f4dd;\">\n    <th style=\"border: 1px solid black; padding: 8px;\">Opini\u00f3n<\/th>\n    <th style=\"border: 1px solid black; padding: 8px;\">Usuario<\/th>\n    <th style=\"border: 1px solid black; padding: 8px;\">Calificaci\u00f3n<\/th>\n  <\/tr>\n  <tr>\n    <td style=\"border: 1px solid black; padding: 8px;\">\u00abMe encanta, me da energ\u00eda sin ansiedad\u00bb<\/td>\n    <td style=\"border: 1px solid black; padding: 8px;\">Mar\u00eda L\u00f3pez<\/td>\n    <td style=\"border: 1px solid black; padding: 8px;\">5\/5<\/td>\n  <\/tr>\n  <tr>\n    <td style=\"border: 1px solid black; padding: 8px;\">\u00abBuen producto, f\u00e1cil de usar\u00bb<\/td>\n    <td style=\"border: 1px solid black; padding: 8px;\">Juan P\u00e9rez<\/td>\n    <td style=\"border: 1px solid black; padding: 8px;\">4.5\/5<\/td>\n  <\/tr>\n  <tr>\n    <td style=\"border: 1px solid black; padding: 8px;\">\u00abMe ayud\u00f3 a concentrarme m\u00e1s en el trabajo\u00bb<\/td>\n    <td style=\"border: 1px solid black; padding: 8px;\">Ana Torres<\/td>\n    <td style=\"border: 1px solid black; padding: 8px;\">4\/5<\/td>\n  <\/tr>\n  <tr>\n    <td style=\"border: 1px solid black; padding: 8px;\">\u00abUn poco caro, pero efectivo\u00bb<\/td>\n    <td style=\"border: 1px solid black; padding: 8px;\">Carlos D\u00edaz<\/td>\n    <td style=\"border: 1px solid black; padding: 8px;\">4\/5<\/td>\n  <\/tr>\n  <tr>\n    <td style=\"border: 1px solid black; padding: 8px;\">\u00abEl sabor tropical es mi favorito\u00bb<\/td>\n    <td style=\"border: 1px solid black; padding: 8px;\">Laura Garc\u00eda<\/td>\n    <td style=\"border: 1px solid black; padding: 8px;\">5\/5<\/td>\n  <\/tr>\n<\/table>\n\n\n\n<h3 class=\"wp-block-heading\">Preguntas frecuentes<\/h3>\n\n\n\n<div>\n  <button type=\"button\" class=\"accordion\">\u00bfQu\u00e9 es el T\u00e9 NRG Herbalife?<\/button>\n  <div class=\"panel\">\n    <p>El T\u00e9 NRG Herbalife es un suplemento en polvo a base de guaran\u00e1, t\u00e9 pekoe naranja y c\u00e1scara de lim\u00f3n, dise\u00f1ado para aumentar la energ\u00eda y mejorar la concentraci\u00f3n.<\/p>\n  <\/div>\n\n  <button type=\"button\" class=\"accordion\">\u00bfC\u00f3mo se prepara el T\u00e9 NRG Herbalife?<\/button>\n  <div class=\"panel\">\n    <p>Mezcla una cucharadita del polvo con agua caliente o fr\u00eda y disfruta. Puede tomarse en cualquier momento del d\u00eda.<\/p>\n  <\/div>\n\n  <button type=\"button\" class=\"accordion\">\u00bfCu\u00e1ntas calor\u00edas tiene el T\u00e9 NRG Herbalife?<\/button>\n  <div class=\"panel\">\n    <p>El T\u00e9 NRG Herbalife no contiene calor\u00edas, lo que lo hace ideal para cualquier dieta.<\/p>\n  <\/div>\n\n  <button type=\"button\" class=\"accordion\">\u00bfCu\u00e1les son los sabores disponibles?<\/button>\n  <div class=\"panel\">\n    <p>Est\u00e1 disponible en dos sabores: tradicional y tropical.<\/p>\n  <\/div>\n\n  <button type=\"button\" class=\"accordion\">\u00bfEs seguro consumir T\u00e9 NRG Herbalife a diario?<\/button>\n  <div class=\"panel\">\n    <p>S\u00ed, es seguro para el consumo diario dentro de las dosis recomendadas.<\/p>\n  <\/div>\n\n  <button type=\"button\" class=\"accordion\">\u00bfD\u00f3nde puedo comprar el T\u00e9 NRG Herbalife?<\/button>\n  <div class=\"panel\">\n    <p>Puedes adquirirlo a trav\u00e9s de distribuidores de Herbalife.<\/p>\n  <\/div>\n<\/div>\n\n\n\n<pre class=\"wp-block-preformatted\"><code><br><\/code><\/pre>\n\n\n\n<h3 class=\"wp-block-heading\">Conclusiones sobre el T\u00e9 NRG Herbalife<\/h3>\n\n\n\n<p>El NRG Herbalife se presenta como una opci\u00f3n eficaz y natural para quienes buscan aumentar su energ\u00eda y mejorar su concentraci\u00f3n sin a\u00f1adir calor\u00edas a su dieta. Con ingredientes naturales y un sabor agradable, es una excelente alternativa a las bebidas energ\u00e9ticas convencionales. Las opiniones de los usuarios respaldan su efectividad y facilidad de uso, destacando su capacidad para proporcionar un impulso energ\u00e9tico suave y duradero.<\/p>\n\n\n\n<p><\/p>\n\n\n\n<div class=\"wp-block-buttons alignwide is-horizontal is-content-justification-center is-layout-flex wp-container-core-buttons-is-layout-499968f5 wp-block-buttons-is-layout-flex\">\n<div class=\"wp-block-button has-custom-font-size .botoncompra\" style=\"font-size:16px\"><a class=\"wp-block-button__link has-background wp-element-button\" href=\"https:\/\/wa.me\/56958680897?text=Hola,%20me%20interesa%20adquirir%20productos%20Herbalife%20y%20conocer%20los%20beneficios%20de%20ser%20Cliente%20Preferente.%20\u00bfPodr\u00edas%20darme%20m\u00e1s%20informaci\u00f3n?\" style=\"border-radius:10px;background:linear-gradient(135deg,rgb(66,160,70) 0%,rgb(59,145,135) 100%)\" rel=\"nofollow noopener\" target=\"_blank\">\u00a1<strong>COMPRA HOY Y OBT\u00c9N BENEFICIOS EXCLUSIVOS<\/strong>!<\/a><\/div>\n<\/div>\n\n\n\n<p><\/p>\n\n\n\n<p><a href=\"https:\/\/herbanutricion.com\/cl\/productos-herbalife\/\">Conoce aqu\u00ed m\u00e1s productos Herbalife<\/a><\/p>\n","protected":false},"excerpt":{"rendered":"<p>Aumenta tu Energ\u00eda con el T\u00e9 NRG Herbalife &#8211; Salud y Vitalidad Vibrante Energ\u00eda con T\u00e9 NRG Herbalife El T\u00e9 NRG Herbalife es un suplemento energizante elaborado con una mezcla de guaran\u00e1, t\u00e9 pekoe naranja y c\u00e1scara de lim\u00f3n. Este producto est\u00e1 dise\u00f1ado para aumentar la alerta mental y la concentraci\u00f3n, proporcionando un impulso suave&#8230;<\/p>\n","protected":false},"author":1,"featured_media":0,"parent":24,"menu_order":0,"comment_status":"closed","ping_status":"closed","template":"","meta":{"_kad_post_transparent":"","_kad_post_title":"","_kad_post_layout":"","_kad_post_sidebar_id":"","_kad_post_content_style":"","_kad_post_vertical_padding":"","_kad_post_feature":"","_kad_post_feature_position":"","_kad_post_header":false,"_kad_post_footer":false,"_kad_post_classname":"","yasr_overall_rating":0,"yasr_post_is_review":"","yasr_auto_insert_disabled":"","yasr_review_type":"","_joinchat":[],"footnotes":""},"class_list":["post-2210","page","type-page","status-publish","hentry"],"yasr_visitor_votes":{"stars_attributes":{"read_only":false,"span_bottom":false},"number_of_votes":2,"sum_votes":10},"_links":{"self":[{"href":"https:\/\/herbanutricion.com\/cl\/wp-json\/wp\/v2\/pages\/2210","targetHints":{"allow":["GET"]}}],"collection":[{"href":"https:\/\/herbanutricion.com\/cl\/wp-json\/wp\/v2\/pages"}],"about":[{"href":"https:\/\/herbanutricion.com\/cl\/wp-json\/wp\/v2\/types\/page"}],"author":[{"embeddable":true,"href":"https:\/\/herbanutricion.com\/cl\/wp-json\/wp\/v2\/users\/1"}],"replies":[{"embeddable":true,"href":"https:\/\/herbanutricion.com\/cl\/wp-json\/wp\/v2\/comments?post=2210"}],"version-history":[{"count":3,"href":"https:\/\/herbanutricion.com\/cl\/wp-json\/wp\/v2\/pages\/2210\/revisions"}],"predecessor-version":[{"id":6030,"href":"https:\/\/herbanutricion.com\/cl\/wp-json\/wp\/v2\/pages\/2210\/revisions\/6030"}],"up":[{"embeddable":true,"href":"https:\/\/herbanutricion.com\/cl\/wp-json\/wp\/v2\/pages\/24"}],"wp:attachment":[{"href":"https:\/\/herbanutricion.com\/cl\/wp-json\/wp\/v2\/media?parent=2210"}],"curies":[{"name":"wp","href":"https:\/\/api.w.org\/{rel}","templated":true}]}}