{"id":405,"date":"2024-05-22T19:38:48","date_gmt":"2024-05-22T23:38:48","guid":{"rendered":"https:\/\/herbanutricion.com\/cl\/?page_id=405"},"modified":"2024-09-12T18:57:23","modified_gmt":"2024-09-12T21:57:23","slug":"recursos-gratuitos","status":"publish","type":"page","link":"https:\/\/herbanutricion.com\/cl\/recursos-gratuitos\/","title":{"rendered":"\u2605 Recursos Gratuitos en Chile: \u00a1Aprovecha Hoy Mismo!"},"content":{"rendered":"\n<h1 class=\"wp-block-heading\" style=\"font-size:30px\">Recursos Gratuitos 2024<\/h1>\n\n\n\n<p>\u00a1Bienvenido a nuestra p\u00e1gina de recursos gratuitos! Aqu\u00ed encontrar\u00e1s guias, ebook y recursos \u00fatiles que te ayudar\u00e1n a mejorar tu bienestar y llevar un estilo de vida saludable.<\/p>\n\n\n\n<p><\/p>\n\n\n\n<h2 class=\"wp-block-heading has-text-align-left\" id=\"descargas\" style=\"font-size:25px\"><a href=\"#descargas\">Descarga PDF con Gu\u00edas y Ebook Gratuitos<\/a><\/h2>\n\n\n\n\n\n<h2 class=\"wp-block-heading has-text-align-left\" style=\"font-size:25px\">Herramientas y Recursos \u00datiles<\/h2>\n\n\n","protected":false},"excerpt":{"rendered":"<p>Recursos Gratuitos 2024 \u00a1Bienvenido a nuestra p\u00e1gina de recursos gratuitos! Aqu\u00ed encontrar\u00e1s guias, ebook y recursos \u00fatiles que te ayudar\u00e1n a mejorar tu bienestar y llevar un estilo de vida saludable. Descarga PDF con Gu\u00edas y Ebook Gratuitos Herramientas y Recursos \u00datiles<\/p>\n","protected":false},"author":1,"featured_media":1975,"parent":0,"menu_order":0,"comment_status":"closed","ping_status":"closed","template":"","meta":{"_kad_post_transparent":"","_kad_post_title":"","_kad_post_layout":"","_kad_post_sidebar_id":"","_kad_post_content_style":"","_kad_post_vertical_padding":"","_kad_post_feature":"","_kad_post_feature_position":"","_kad_post_header":false,"_kad_post_footer":false,"_kad_post_classname":"","yasr_overall_rating":0,"yasr_post_is_review":"","yasr_auto_insert_disabled":"","yasr_review_type":"","_joinchat":[],"footnotes":""},"class_list":["post-405","page","type-page","status-publish","has-post-thumbnail","hentry"],"yasr_visitor_votes":{"stars_attributes":{"read_only":false,"span_bottom":false},"number_of_votes":3,"sum_votes":15},"_links":{"self":[{"href":"https:\/\/herbanutricion.com\/cl\/wp-json\/wp\/v2\/pages\/405","targetHints":{"allow":["GET"]}}],"collection":[{"href":"https:\/\/herbanutricion.com\/cl\/wp-json\/wp\/v2\/pages"}],"about":[{"href":"https:\/\/herbanutricion.com\/cl\/wp-json\/wp\/v2\/types\/page"}],"author":[{"embeddable":true,"href":"https:\/\/herbanutricion.com\/cl\/wp-json\/wp\/v2\/users\/1"}],"replies":[{"embeddable":true,"href":"https:\/\/herbanutricion.com\/cl\/wp-json\/wp\/v2\/comments?post=405"}],"version-history":[{"count":0,"href":"https:\/\/herbanutricion.com\/cl\/wp-json\/wp\/v2\/pages\/405\/revisions"}],"wp:featuredmedia":[{"embeddable":true,"href":"https:\/\/herbanutricion.com\/cl\/wp-json\/wp\/v2\/media\/1975"}],"wp:attachment":[{"href":"https:\/\/herbanutricion.com\/cl\/wp-json\/wp\/v2\/media?parent=405"}],"curies":[{"name":"wp","href":"https:\/\/api.w.org\/{rel}","templated":true}]}}