{"id":4377,"date":"2026-02-20T20:20:59","date_gmt":"2026-02-20T23:20:59","guid":{"rendered":"https:\/\/herbanutricion.com\/cl\/?page_id=4377"},"modified":"2026-02-20T15:49:37","modified_gmt":"2026-02-20T18:49:37","slug":"composicion-corporal","status":"publish","type":"page","link":"https:\/\/herbanutricion.com\/cl\/consejos-saludables\/composicion-corporal\/","title":{"rendered":"\u2605 An\u00e1lisis de Composici\u00f3n Corporal Online Gratis Chile 2026"},"content":{"rendered":"\n<h1 class=\"wp-block-heading has-text-align-left\">An\u00e1lisis de Composici\u00f3n Corporal Online Gratuito<\/h1>\n\n\n\n<div class=\"wp-block-columns is-layout-flex wp-container-core-columns-is-layout-9d6595d7 wp-block-columns-is-layout-flex\">\n<div class=\"wp-block-column is-vertically-aligned-center is-layout-flow wp-block-column-is-layout-flow\" style=\"flex-basis:66.66%\">\n<p class=\"has-medium-font-size\"><strong>Eval\u00faa tu bienestar con Nuestro Analizador de Composici\u00f3n Corporal<\/strong><\/p>\n\n\n\n<p>Realiza tu an\u00e1lisis de composici\u00f3n corporal en l\u00ednea de forma gratuita y recibe un an\u00e1lisis detallado de tu bienestar f\u00edsico<\/p>\n<\/div>\n\n\n\n<div class=\"wp-block-column is-vertically-aligned-center is-layout-flow wp-block-column-is-layout-flow\" style=\"flex-basis:33.33%\"><div class=\"wp-block-image\">\n<figure class=\"aligncenter size-large\"><img loading=\"lazy\" decoding=\"async\" width=\"1024\" height=\"585\" src=\"https:\/\/herbanutricion.com\/cl\/wp-content\/uploads\/sites\/31\/2024\/06\/DALL\u00b7E-2024-06-20-22.43.23-A-professional-and-clean-scene-illustrating-the-concept-of-body-composition.-In-the-foreground-a-fit-and-healthy-woman-is-standing-with-confidence-h-1024x585.webp\" alt=\"Analisis de composicion corporal  online gratis\" class=\"wp-image-4403\" title=\"\" srcset=\"https:\/\/herbanutricion.com\/cl\/wp-content\/uploads\/sites\/31\/2024\/06\/DALL\u00b7E-2024-06-20-22.43.23-A-professional-and-clean-scene-illustrating-the-concept-of-body-composition.-In-the-foreground-a-fit-and-healthy-woman-is-standing-with-confidence-h-1024x585.webp 1024w, https:\/\/herbanutricion.com\/cl\/wp-content\/uploads\/sites\/31\/2024\/06\/DALL\u00b7E-2024-06-20-22.43.23-A-professional-and-clean-scene-illustrating-the-concept-of-body-composition.-In-the-foreground-a-fit-and-healthy-woman-is-standing-with-confidence-h-263x150.webp 263w, https:\/\/herbanutricion.com\/cl\/wp-content\/uploads\/sites\/31\/2024\/06\/DALL\u00b7E-2024-06-20-22.43.23-A-professional-and-clean-scene-illustrating-the-concept-of-body-composition.-In-the-foreground-a-fit-and-healthy-woman-is-standing-with-confidence-h-768x439.webp 768w, https:\/\/herbanutricion.com\/cl\/wp-content\/uploads\/sites\/31\/2024\/06\/DALL\u00b7E-2024-06-20-22.43.23-A-professional-and-clean-scene-illustrating-the-concept-of-body-composition.-In-the-foreground-a-fit-and-healthy-woman-is-standing-with-confidence-h-1536x878.webp 1536w, https:\/\/herbanutricion.com\/cl\/wp-content\/uploads\/sites\/31\/2024\/06\/DALL\u00b7E-2024-06-20-22.43.23-A-professional-and-clean-scene-illustrating-the-concept-of-body-composition.-In-the-foreground-a-fit-and-healthy-woman-is-standing-with-confidence-h-800x457.webp 800w, https:\/\/herbanutricion.com\/cl\/wp-content\/uploads\/sites\/31\/2024\/06\/DALL\u00b7E-2024-06-20-22.43.23-A-professional-and-clean-scene-illustrating-the-concept-of-body-composition.-In-the-foreground-a-fit-and-healthy-woman-is-standing-with-confidence-h.webp 1792w\" sizes=\"auto, (max-width: 1024px) 100vw, 1024px\" \/><\/figure>\n<\/div><\/div>\n<\/div>\n\n\n\n<h2 class=\"wp-block-heading has-text-align-left has-medium-font-size\"><strong>Descubre tu Estado F\u00edsico \u00d3ptimo:<\/strong><\/h2>\n\n\n\n<ul class=\"wp-block-list\">\n<li><strong>Evaluaci\u00f3n Detallada:<\/strong> Conoce tu IMC, porcentaje de grasa corporal, masa muscular y niveles de agua.<\/li>\n\n\n\n<li><strong>An\u00e1lisis de Salud:<\/strong> Comprende tu estado metab\u00f3lico y el nivel de grasa visceral.<\/li>\n\n\n\n<li><strong>Edad Metab\u00f3lica:<\/strong> Aprende c\u00f3mo mejorarla para disfrutar de una vida m\u00e1s saludable.<\/li>\n\n\n\n<li><strong>Recomendaciones Personalizadas:<\/strong> Recibe consejos espec\u00edficos para optimizar tu bienestar.<\/li>\n<\/ul>\n\n\n\n<h2 class=\"wp-block-heading has-text-align-left has-medium-font-size\"><strong>C\u00f3mo Funciona:<\/strong><\/h2>\n\n\n\n<p>Para obtener los mejores resultados, sigue estos pasos:<\/p>\n\n\n\n<ol class=\"wp-block-list\">\n<li><strong>Toma tus medidas:<\/strong> Para un an\u00e1lisis preciso, mide tu cuello, cintura, cadera, peso y estatura. Te explicaremos c\u00f3mo tomar estas medidas correctamente. Ten a mano una cinta m\u00e9trica y una balanza. Si no tienes una cinta m\u00e9trica, puedes proporcionar solo tu peso, pero los resultados no ser\u00e1n tan precisos.<\/li>\n\n\n\n<li><strong>Env\u00eda tus datos:<\/strong> Completa el formulario con tus medidas y env\u00edalo a trav\u00e9s de nuestro medidor de composici\u00f3n corporal.<\/li>\n\n\n\n<li><strong>Recibe tu informe:<\/strong> Una vez que env\u00edes tus datos, recibir\u00e1s un enlace con un informe detallado que incluye tu edad metab\u00f3lica, porcentaje de grasa corporal, masa muscular, nivel de agua y otros par\u00e1metros importantes.<\/li>\n<\/ol>\n\n\n\n<p>Eval\u00faa tu estado f\u00edsico \u00f3ptimo hoy mismo y empieza a mejorar tu salud.<\/p>\n\n\n\n<!DOCTYPE html>\n<html lang=\"es\">\n    <meta charset=\"UTF-8\">\n    <meta name=\"viewport\" content=\"width=device-width, initial-scale=1.0\">\n    <style>\n        body {\n            font-family: Arial, sans-serif;\n            margin: 0;\n            padding: 0;\n        }\n        .container {\n            padding: 20px;\n            margin: 0 auto;\n        }\n        h2 {\n            text-align: center;\n            margin-top: 20px;\n        }\n        iframe {\n            width: 100%;\n            height: 80vh;\n            border: 1px solid #dee2e6;\n            border-radius: 8px;\n            box-shadow: 0 4px 8px rgba(0, 0, 0, 0.1);\n            margin-bottom: 20px;\n        }\n        .backup-link {\n            text-align: center;\n            margin-top: 20px;\n        }\n    <\/style>\n\n<div class=\"container\">\n    <h2>Evaluaci\u00f3n de Composici\u00f3n Corporal<\/h2>\n    <iframe src=\"https:\/\/ComunidadSaludable.hlok.es\/survey?sy=cz02MmQzNjdmYWJmN2I1Jmw9NjMzNQ==\"><\/iframe>\n    <div class=\"backup-link\">\n        <p>Si no puedes ver la evaluaci\u00f3n, <a href=\"https:\/\/ComunidadSaludable.hlok.es\/survey?sy=cz02MmQzNjdmYWJmN2I1Jmw9NjMzNQ==\" target=\"_blank\" rel=\"nofollow noopener\">haz clic aqu\u00ed<\/a>.<\/p>\n    <\/div>\n<\/div>\n\n<\/html>\n","protected":false},"excerpt":{"rendered":"<p>An\u00e1lisis de Composici\u00f3n Corporal Online Gratuito Eval\u00faa tu bienestar con Nuestro Analizador de Composici\u00f3n Corporal Realiza tu an\u00e1lisis de composici\u00f3n corporal en l\u00ednea de forma gratuita y recibe un an\u00e1lisis detallado de tu bienestar f\u00edsico Descubre tu Estado F\u00edsico \u00d3ptimo: C\u00f3mo Funciona: Para obtener los mejores resultados, sigue estos pasos: Eval\u00faa tu estado f\u00edsico \u00f3ptimo&#8230;<\/p>\n","protected":false},"author":1,"featured_media":0,"parent":26,"menu_order":0,"comment_status":"closed","ping_status":"closed","template":"","meta":{"_kad_post_transparent":"","_kad_post_title":"","_kad_post_layout":"","_kad_post_sidebar_id":"","_kad_post_content_style":"","_kad_post_vertical_padding":"","_kad_post_feature":"","_kad_post_feature_position":"","_kad_post_header":false,"_kad_post_footer":false,"_kad_post_classname":"","yasr_overall_rating":0,"yasr_post_is_review":"","yasr_auto_insert_disabled":"","yasr_review_type":"","_joinchat":[],"footnotes":""},"class_list":["post-4377","page","type-page","status-publish","hentry"],"yasr_visitor_votes":{"stars_attributes":{"read_only":false,"span_bottom":false},"number_of_votes":2,"sum_votes":10},"_links":{"self":[{"href":"https:\/\/herbanutricion.com\/cl\/wp-json\/wp\/v2\/pages\/4377","targetHints":{"allow":["GET"]}}],"collection":[{"href":"https:\/\/herbanutricion.com\/cl\/wp-json\/wp\/v2\/pages"}],"about":[{"href":"https:\/\/herbanutricion.com\/cl\/wp-json\/wp\/v2\/types\/page"}],"author":[{"embeddable":true,"href":"https:\/\/herbanutricion.com\/cl\/wp-json\/wp\/v2\/users\/1"}],"replies":[{"embeddable":true,"href":"https:\/\/herbanutricion.com\/cl\/wp-json\/wp\/v2\/comments?post=4377"}],"version-history":[{"count":2,"href":"https:\/\/herbanutricion.com\/cl\/wp-json\/wp\/v2\/pages\/4377\/revisions"}],"predecessor-version":[{"id":6053,"href":"https:\/\/herbanutricion.com\/cl\/wp-json\/wp\/v2\/pages\/4377\/revisions\/6053"}],"up":[{"embeddable":true,"href":"https:\/\/herbanutricion.com\/cl\/wp-json\/wp\/v2\/pages\/26"}],"wp:attachment":[{"href":"https:\/\/herbanutricion.com\/cl\/wp-json\/wp\/v2\/media?parent=4377"}],"curies":[{"name":"wp","href":"https:\/\/api.w.org\/{rel}","templated":true}]}}